{"id":1255,"date":"2015-10-05T13:50:36","date_gmt":"2015-10-05T13:50:36","guid":{"rendered":"http:\/\/www.akhosiery.co.uk\/blog\/?page_id=1255"},"modified":"2015-10-06T12:53:48","modified_gmt":"2015-10-06T12:53:48","slug":"france","status":"publish","type":"page","link":"https:\/\/akhosiery.co.uk\/blog\/france\/","title":{"rendered":"France"},"content":{"rendered":"<p>FRANCE<\/p>\n<p>&nbsp;<\/p>\n<p>A&amp;K Hosiery offre un Service de Livraison Rapide \u00e0 tous nos partenaires europ\u00e9ens \u00e0 des prix tr\u00e8s comp\u00e9titifs avec exp\u00e9ditions journali\u00e8res vers l\u2019Allemagne, la France, l\u2019Italie, la Pologne, la Su\u00e8de, l\u2019Espagne, le Portugal, la Malte et la plupart des r\u00e9gions europ\u00e9ennes. Nous avons une gamme superbe de produits pour vos affaires \u00e0 des prix que nous croyons \u00eatre les moins chers en Europe.<\/p>\n<p>&nbsp;<\/p>\n<p>Nous utilisons les courriers les plus surs y compris Parcel Force et DPD, ce qui vous donne les derniers modes de suivi colis. Notre Service Europ\u00e9en de Livraison repr\u00e9sente un avantage excellent pour vos affaires, que ce soit pour une seule boite ou plusieurs palettes. A&amp;K Hosiery fournit \u00e0 tous nos clients europ\u00e9ens une solution de livraison rapide et efficace.<\/p>\n<p>&nbsp;<\/p>\n<p>Consultez nos \u00ab\u00a0Quick Notes\u00a0\u00bb et constatez exactement la vitesse avec laquelle vous pouvez recevoir vos biens livr\u00e9s \u00e0 des prix fantastiques. Vous aurez alors la tranquillit\u00e9 d\u2019esprit que vous gagnez le meilleur service avec la plus haute efficacit\u00e9 et suret\u00e9.<\/p>\n<p>&nbsp;<\/p>\n<p>Si vous ne parlez pas le fran\u00e7ais, pas de probl\u00e8me. Nous utilisons les outils de traduction les plus avanc\u00e9s. Notre \u00e9quipe est pr\u00eate \u00e0 traiter votre commande pour la France, l\u2019Allemagne et l\u2019Espagne avec des prix qui commencent \u00e0 partir de \u00a37.00 (livres sterling) par boite.<\/p>\n<p>&nbsp;<\/p>\n<p>R\u00e9servez votre Livraison Europ\u00e9enne Express \u00e0 Budget aujourd\u2019hui avec<\/p>\n<p><a href=\"http:\/\/www.akhosiery.co.uk\">www.akhosiery.co.uk<\/a><\/p>\n<p>&nbsp;<\/p>\n<p>Envoyez-nous un e-mail si vous avez un num\u00e9ro de TVA de l\u2019Union Europ\u00e9enne pour que nous puissions enlever de votre compte la TVA du Royaume Uni avant que vous ne placiez votre commande.<\/p>\n<p>&nbsp;<\/p>\n","protected":false},"excerpt":{"rendered":"<p>FRANCE &nbsp; A&amp;K Hosiery offre un Service de Livraison Rapide \u00e0 tous nos partenaires europ\u00e9ens \u00e0 des prix tr\u00e8s comp\u00e9titifs avec exp\u00e9ditions journali\u00e8res vers l\u2019Allemagne, la France, l\u2019Italie, la Pologne, la Su\u00e8de, l\u2019Espagne, le Portugal, la Malte et la plupart des r\u00e9gions europ\u00e9ennes. Nous avons une gamme superbe de produits pour vos affaires \u00e0 des [&hellip;]<\/p>\n","protected":false},"author":1,"featured_media":0,"parent":0,"menu_order":0,"comment_status":"closed","ping_status":"open","template":"","meta":[],"yoast_head":"<!-- This site is optimized with the Yoast SEO plugin v15.3 - https:\/\/yoast.com\/wordpress\/plugins\/seo\/ -->\n<meta name=\"description\" content=\"FRANCE &nbsp; A&amp;K Hosiery offre un Service de Livraison Rapide \u00e0 tous nos partenaires europ\u00e9ens \u00e0 des prix tr\u00e8s comp\u00e9titifs avec exp\u00e9ditions\" \/>\n<meta name=\"robots\" content=\"index, follow, max-snippet:-1, max-image-preview:large, max-video-preview:-1\" \/>\n<link rel=\"canonical\" href=\"https:\/\/akhosiery.co.uk\/blog\/france\/\" \/>\n<meta name=\"twitter:label1\" content=\"Written by\">\n\t<meta name=\"twitter:data1\" content=\"admin\">\n\t<meta name=\"twitter:label2\" content=\"Est. reading time\">\n\t<meta name=\"twitter:data2\" content=\"1 minute\">\n<script type=\"application\/ld+json\" class=\"yoast-schema-graph\">{\"@context\":\"https:\/\/schema.org\",\"@graph\":[{\"@type\":\"WebSite\",\"@id\":\"https:\/\/akhosiery.co.uk\/blog\/#website\",\"url\":\"https:\/\/akhosiery.co.uk\/blog\/\",\"name\":\"A&amp;K Hosiery\",\"description\":\"UKs Favourite Wholesaler\",\"potentialAction\":[{\"@type\":\"SearchAction\",\"target\":\"https:\/\/akhosiery.co.uk\/blog\/?s={search_term_string}\",\"query-input\":\"required name=search_term_string\"}],\"inLanguage\":\"en-US\"},{\"@type\":\"WebPage\",\"@id\":\"https:\/\/akhosiery.co.uk\/blog\/france\/#webpage\",\"url\":\"https:\/\/akhosiery.co.uk\/blog\/france\/\",\"name\":\"France\",\"isPartOf\":{\"@id\":\"https:\/\/akhosiery.co.uk\/blog\/#website\"},\"datePublished\":\"2015-10-05T13:50:36+00:00\",\"dateModified\":\"2015-10-06T12:53:48+00:00\",\"description\":\"FRANCE &nbsp; A&amp;K Hosiery offre un Service de Livraison Rapide \\u00e0 tous nos partenaires europ\\u00e9ens \\u00e0 des prix tr\\u00e8s comp\\u00e9titifs avec exp\\u00e9ditions\",\"inLanguage\":\"en-US\",\"potentialAction\":[{\"@type\":\"ReadAction\",\"target\":[\"https:\/\/akhosiery.co.uk\/blog\/france\/\"]}]}]}<\/script>\n<!-- \/ Yoast SEO plugin. -->","_links":{"self":[{"href":"https:\/\/akhosiery.co.uk\/blog\/wp-json\/wp\/v2\/pages\/1255"}],"collection":[{"href":"https:\/\/akhosiery.co.uk\/blog\/wp-json\/wp\/v2\/pages"}],"about":[{"href":"https:\/\/akhosiery.co.uk\/blog\/wp-json\/wp\/v2\/types\/page"}],"author":[{"embeddable":true,"href":"https:\/\/akhosiery.co.uk\/blog\/wp-json\/wp\/v2\/users\/1"}],"replies":[{"embeddable":true,"href":"https:\/\/akhosiery.co.uk\/blog\/wp-json\/wp\/v2\/comments?post=1255"}],"version-history":[{"count":2,"href":"https:\/\/akhosiery.co.uk\/blog\/wp-json\/wp\/v2\/pages\/1255\/revisions"}],"predecessor-version":[{"id":1271,"href":"https:\/\/akhosiery.co.uk\/blog\/wp-json\/wp\/v2\/pages\/1255\/revisions\/1271"}],"wp:attachment":[{"href":"https:\/\/akhosiery.co.uk\/blog\/wp-json\/wp\/v2\/media?parent=1255"}],"curies":[{"name":"wp","href":"https:\/\/api.w.org\/{rel}","templated":true}]}}