{"id":1259,"date":"2015-10-06T12:52:38","date_gmt":"2015-10-06T12:52:38","guid":{"rendered":"http:\/\/www.akhosiery.co.uk\/blog\/?page_id=1259"},"modified":"2015-10-06T12:59:05","modified_gmt":"2015-10-06T12:59:05","slug":"poland","status":"publish","type":"page","link":"https:\/\/akhosiery.co.uk\/blog\/poland\/","title":{"rendered":"Poland"},"content":{"rendered":"<p><strong>POLISH<\/strong><\/p>\n<p>Firma A &amp; K Hosiery oferuje us\u0142ugi szybkiej dostawy do wszystkich naszych partner\u00f3w europejskich przy bardzo konkurencyjnych stawkach i dziennych wysy\u0142kach do Niemiec, Francji, W\u0142och, Polski, Szwecji, Hiszpanii, Portugalii, na Malt\u0119 i do wi\u0119kszo\u015bci kraj\u00f3w Europy. Posiadamy wspania\u0142y zasi\u0119g produkt\u00f3w dla Pa\u0144stwa biznes\u00f3w i wierzymy, \u017ce mo\u017cemy zaoferowa\u0107 najta\u0144sze ceny w Europie.<\/p>\n<p>A &amp; K Hosiery u\u017cywa najbardziej niezawodnych kurier\u00f3w, wykorzystuj\u0105c takie firmy jak &#8211; Parcel Force i DPD, kt\u00f3re posiadaj\u0105 najnowocze\u015bniejsze wyposa\u017cenia namierzajace. Nasz Serwis Szybkiej Dostawy w Europie, zapewni Pa\u0144stwa biznesom wysok\u0105 warto\u015b\u0107 us\u0142ug za nisk\u0105 cen\u0119, bez wzgl\u0119du na to, czy jest to jedna paczka czy ca\u0142a paleta. Firma A &amp; K Hosiery umo\u017cliwia wszystkim naszym europejskim klientom szybkie i efektywne rozwi\u0105zanie problem\u00f3w dostawy.<\/p>\n<p>Prosimy sprawdzi\u0107 nasz\u0105 list\u0119 Cen Szybkiej Us\u0142ugi i zobaczy\u0107 w jakim terminie mo\u017cemy dostarczy\u0107 Pa\u0144stwa towary przy fantastycznie niskich cenach i zapewnieniu, \u017ce otrzymacie Pa\u0144stwo jak najlepsze us\u0142ugi przy optymalnej wydajno\u015bci i niezawodno\u015bci.<\/p>\n<p>Je\u015bli nasi klienci nie m\u00f3wi\u0105 po angielsku, nie jest to dla nas problemem, gdy\u017c korzystamy z us\u0142ug t\u0142umaczy. Nasi pracownicy s\u0105 gotowi przygotowa\u0107 Pa\u0144stwa zam\u00f3wienie i wyceni\u0107 us\u0142ugi do Francji, Niemiec i Hiszpanii od 7 funt\u00f3w za paczk\u0119.<\/p>\n<p>Zarezerwuj wysy\u0142k\u0119 z nasz\u0105 firm\u0105 Ekspresowych Dostaw w Europie na stronie internetowej <a href=\"http:\/\/www.akhosiery.co.uk\">www.akhosiery.co.uk<\/a><\/p>\n<p>Prosimy o mailowe podanie numeru podatkowego EU VAT, je\u015bli taki Pa\u0144stwo posiadacie. Ta informacja umo\u017cliwi nam wykluczenie podatku Wielkiej Brytanii \u2018UK VAT\u2019 z Pa\u0144stwa konta przy umieszczaniu zam\u00f3wie\u0144.<\/p>\n","protected":false},"excerpt":{"rendered":"<p>POLISH Firma A &amp; K Hosiery oferuje us\u0142ugi szybkiej dostawy do wszystkich naszych partner\u00f3w europejskich przy bardzo konkurencyjnych stawkach i dziennych wysy\u0142kach do Niemiec, Francji, W\u0142och, Polski, Szwecji, Hiszpanii, Portugalii, na Malt\u0119 i do wi\u0119kszo\u015bci kraj\u00f3w Europy. Posiadamy wspania\u0142y zasi\u0119g produkt\u00f3w dla Pa\u0144stwa biznes\u00f3w i wierzymy, \u017ce mo\u017cemy zaoferowa\u0107 najta\u0144sze ceny w Europie. A &amp; [&hellip;]<\/p>\n","protected":false},"author":1,"featured_media":0,"parent":0,"menu_order":0,"comment_status":"closed","ping_status":"open","template":"","meta":[],"yoast_head":"<!-- This site is optimized with the Yoast SEO plugin v15.3 - https:\/\/yoast.com\/wordpress\/plugins\/seo\/ -->\n<meta name=\"description\" content=\"POLISH Firma A &amp; K Hosiery oferuje us\u0142ugi szybkiej dostawy do wszystkich naszych partner\u00f3w europejskich przy bardzo konkurencyjnych stawkach i\" \/>\n<meta name=\"robots\" content=\"index, follow, max-snippet:-1, max-image-preview:large, max-video-preview:-1\" \/>\n<link rel=\"canonical\" href=\"https:\/\/akhosiery.co.uk\/blog\/poland\/\" \/>\n<meta name=\"twitter:label1\" content=\"Written by\">\n\t<meta name=\"twitter:data1\" content=\"admin\">\n\t<meta name=\"twitter:label2\" content=\"Est. reading time\">\n\t<meta name=\"twitter:data2\" content=\"1 minute\">\n<script type=\"application\/ld+json\" class=\"yoast-schema-graph\">{\"@context\":\"https:\/\/schema.org\",\"@graph\":[{\"@type\":\"WebSite\",\"@id\":\"https:\/\/akhosiery.co.uk\/blog\/#website\",\"url\":\"https:\/\/akhosiery.co.uk\/blog\/\",\"name\":\"A&amp;K Hosiery\",\"description\":\"UKs Favourite Wholesaler\",\"potentialAction\":[{\"@type\":\"SearchAction\",\"target\":\"https:\/\/akhosiery.co.uk\/blog\/?s={search_term_string}\",\"query-input\":\"required name=search_term_string\"}],\"inLanguage\":\"en-US\"},{\"@type\":\"WebPage\",\"@id\":\"https:\/\/akhosiery.co.uk\/blog\/poland\/#webpage\",\"url\":\"https:\/\/akhosiery.co.uk\/blog\/poland\/\",\"name\":\"Poland\",\"isPartOf\":{\"@id\":\"https:\/\/akhosiery.co.uk\/blog\/#website\"},\"datePublished\":\"2015-10-06T12:52:38+00:00\",\"dateModified\":\"2015-10-06T12:59:05+00:00\",\"description\":\"POLISH Firma A &amp; K Hosiery oferuje us\\u0142ugi szybkiej dostawy do wszystkich naszych partner\\u00f3w europejskich przy bardzo konkurencyjnych stawkach i\",\"inLanguage\":\"en-US\",\"potentialAction\":[{\"@type\":\"ReadAction\",\"target\":[\"https:\/\/akhosiery.co.uk\/blog\/poland\/\"]}]}]}<\/script>\n<!-- \/ Yoast SEO plugin. -->","_links":{"self":[{"href":"https:\/\/akhosiery.co.uk\/blog\/wp-json\/wp\/v2\/pages\/1259"}],"collection":[{"href":"https:\/\/akhosiery.co.uk\/blog\/wp-json\/wp\/v2\/pages"}],"about":[{"href":"https:\/\/akhosiery.co.uk\/blog\/wp-json\/wp\/v2\/types\/page"}],"author":[{"embeddable":true,"href":"https:\/\/akhosiery.co.uk\/blog\/wp-json\/wp\/v2\/users\/1"}],"replies":[{"embeddable":true,"href":"https:\/\/akhosiery.co.uk\/blog\/wp-json\/wp\/v2\/comments?post=1259"}],"version-history":[{"count":2,"href":"https:\/\/akhosiery.co.uk\/blog\/wp-json\/wp\/v2\/pages\/1259\/revisions"}],"predecessor-version":[{"id":1274,"href":"https:\/\/akhosiery.co.uk\/blog\/wp-json\/wp\/v2\/pages\/1259\/revisions\/1274"}],"wp:attachment":[{"href":"https:\/\/akhosiery.co.uk\/blog\/wp-json\/wp\/v2\/media?parent=1259"}],"curies":[{"name":"wp","href":"https:\/\/api.w.org\/{rel}","templated":true}]}}