{"id":1263,"date":"2015-10-05T13:51:03","date_gmt":"2015-10-05T13:51:03","guid":{"rendered":"http:\/\/www.akhosiery.co.uk\/blog\/?page_id=1263"},"modified":"2015-10-11T11:20:10","modified_gmt":"2015-10-11T11:20:10","slug":"spain","status":"publish","type":"page","link":"https:\/\/akhosiery.co.uk\/blog\/spain\/","title":{"rendered":"Spain"},"content":{"rendered":"<p>SPANISH<\/p>\n<p>A &amp; K Hosiery ofrecen un servicio de entrega r\u00e1pida a todos nuestros socios europeos a precios muy competitivos, con env\u00edos diarios a Alemania, Francia, Italia, Polonia, Suecia, Espa\u00f1a, Portugal, Malta, y la mayor\u00eda de las \u00e1reas Europeas.Tenemos una excelente gama de productos para su negocio y por lo tanto creemos que son los precios m\u00e1s baratos de Europa.<\/p>\n<p>Usamos los mensajeros m\u00e1s confiables, incluyendo Parcel Force y DPD,empresas que tienen facilidades de seguimiento de transporte. Nuestro Servicio de Entrega Europea representa una excelente relaci\u00f3n calidad-precio para su negocio, si es una sola caja o varios paquetes, A &amp; K Hosiery ofrece a todos nuestros clientes europeos una soluci\u00f3n de entrega r\u00e1pida y efectiva. Compruebe personalmente nuestros presupuestos r\u00e1pidos y vera que rapido le entregaremos sus pedidos con tasas bajas fant\u00e1sticas que le daran paz mental y comprobara que recibe el mejor servicio con eficiencia y fiabilidad \u00f3ptima. Si usted no habla Ingl\u00e9s comprobara que no es problema, pues contamos con las \u00faltimas herramientas de traducci\u00f3n disponibles. Nuestro equipo est\u00e1 disponible en cualquier momento para procesar su pedido con precios para Francia, Alemania y Espa\u00f1a a partir de tan poco como \u00a3 7 libras por caja.<\/p>\n<p>Reserve su presupuesto europeo expreso hoy en:<\/p>\n<p><a href=\"http:\/\/www.akhosiery.co.uk\">www.akhosiery.co.uk<\/a><\/p>\n<p>&nbsp;<\/p>\n<p>Por favor, informenos por correo electr\u00f3nico si su empresa tiene un n\u00famero de EU IVA intercomunitario para que podamos eliminar el IVA del Reino Unido de su cuenta antes de realizar su pedido.<\/p>\n","protected":false},"excerpt":{"rendered":"<p>SPANISH A &amp; K Hosiery ofrecen un servicio de entrega r\u00e1pida a todos nuestros socios europeos a precios muy competitivos, con env\u00edos diarios a Alemania, Francia, Italia, Polonia, Suecia, Espa\u00f1a, Portugal, Malta, y la mayor\u00eda de las \u00e1reas Europeas.Tenemos una excelente gama de productos para su negocio y por lo tanto creemos que son los [&hellip;]<\/p>\n","protected":false},"author":1,"featured_media":0,"parent":0,"menu_order":0,"comment_status":"closed","ping_status":"open","template":"","meta":[],"yoast_head":"<!-- This site is optimized with the Yoast SEO plugin v15.3 - https:\/\/yoast.com\/wordpress\/plugins\/seo\/ -->\n<meta name=\"description\" content=\"SPANISH A &amp; K Hosiery ofrecen un servicio de entrega r\u00e1pida a todos nuestros socios europeos a precios muy competitivos, con env\u00edos diarios a\" \/>\n<meta name=\"robots\" content=\"index, follow, max-snippet:-1, max-image-preview:large, max-video-preview:-1\" \/>\n<link rel=\"canonical\" href=\"https:\/\/akhosiery.co.uk\/blog\/spain\/\" \/>\n<meta name=\"twitter:label1\" content=\"Written by\">\n\t<meta name=\"twitter:data1\" content=\"admin\">\n\t<meta name=\"twitter:label2\" content=\"Est. reading time\">\n\t<meta name=\"twitter:data2\" content=\"1 minute\">\n<script type=\"application\/ld+json\" class=\"yoast-schema-graph\">{\"@context\":\"https:\/\/schema.org\",\"@graph\":[{\"@type\":\"WebSite\",\"@id\":\"https:\/\/akhosiery.co.uk\/blog\/#website\",\"url\":\"https:\/\/akhosiery.co.uk\/blog\/\",\"name\":\"A&amp;K Hosiery\",\"description\":\"UKs Favourite Wholesaler\",\"potentialAction\":[{\"@type\":\"SearchAction\",\"target\":\"https:\/\/akhosiery.co.uk\/blog\/?s={search_term_string}\",\"query-input\":\"required name=search_term_string\"}],\"inLanguage\":\"en-US\"},{\"@type\":\"WebPage\",\"@id\":\"https:\/\/akhosiery.co.uk\/blog\/spain\/#webpage\",\"url\":\"https:\/\/akhosiery.co.uk\/blog\/spain\/\",\"name\":\"Spain\",\"isPartOf\":{\"@id\":\"https:\/\/akhosiery.co.uk\/blog\/#website\"},\"datePublished\":\"2015-10-05T13:51:03+00:00\",\"dateModified\":\"2015-10-11T11:20:10+00:00\",\"description\":\"SPANISH A &amp; K Hosiery ofrecen un servicio de entrega r\\u00e1pida a todos nuestros socios europeos a precios muy competitivos, con env\\u00edos diarios a\",\"inLanguage\":\"en-US\",\"potentialAction\":[{\"@type\":\"ReadAction\",\"target\":[\"https:\/\/akhosiery.co.uk\/blog\/spain\/\"]}]}]}<\/script>\n<!-- \/ Yoast SEO plugin. -->","_links":{"self":[{"href":"https:\/\/akhosiery.co.uk\/blog\/wp-json\/wp\/v2\/pages\/1263"}],"collection":[{"href":"https:\/\/akhosiery.co.uk\/blog\/wp-json\/wp\/v2\/pages"}],"about":[{"href":"https:\/\/akhosiery.co.uk\/blog\/wp-json\/wp\/v2\/types\/page"}],"author":[{"embeddable":true,"href":"https:\/\/akhosiery.co.uk\/blog\/wp-json\/wp\/v2\/users\/1"}],"replies":[{"embeddable":true,"href":"https:\/\/akhosiery.co.uk\/blog\/wp-json\/wp\/v2\/comments?post=1263"}],"version-history":[{"count":3,"href":"https:\/\/akhosiery.co.uk\/blog\/wp-json\/wp\/v2\/pages\/1263\/revisions"}],"predecessor-version":[{"id":1286,"href":"https:\/\/akhosiery.co.uk\/blog\/wp-json\/wp\/v2\/pages\/1263\/revisions\/1286"}],"wp:attachment":[{"href":"https:\/\/akhosiery.co.uk\/blog\/wp-json\/wp\/v2\/media?parent=1263"}],"curies":[{"name":"wp","href":"https:\/\/api.w.org\/{rel}","templated":true}]}}