{"id":1265,"date":"2015-10-05T13:52:17","date_gmt":"2015-10-05T13:52:17","guid":{"rendered":"http:\/\/www.akhosiery.co.uk\/blog\/?page_id=1265"},"modified":"2015-10-11T11:18:12","modified_gmt":"2015-10-11T11:18:12","slug":"portugal","status":"publish","type":"page","link":"https:\/\/akhosiery.co.uk\/blog\/portugal\/","title":{"rendered":"Portugal"},"content":{"rendered":"<p>PORTUGUESE<\/p>\n<p>A &amp; K Hosiery oferece a todos os nossos clientes europeus &#8211;\u00a0\u00a0 Alemanha, Fran\u00e7a, It\u00e1lia, Pol\u00f4nia, Su\u00e9cia, Espanha, Portugal Malta e demais regi\u00f5es da Europa, um Servi\u00e7o de Entrega a pre\u00e7os competitivos. Temos uma gama significativa de produtos para o seu neg\u00f3cio a pre\u00e7os que acreditamos serem os mais baixos da Europa. Usamos os mais confi\u00e1veis servi\u00e7os de de courier ( servi\u00e7os de entrega) entre eles Parcel Force e DPD que lhes proporcionam o mais moderno servi\u00e7o de rastreamento. Nosso European Delivery Service &#8211; Servi\u00e7o Europeu de Entrega \u00e9 mais vantajoso em termos de seguran\u00e7a, rapidez e economia, seja uma simples caixa ou v\u00e1rias paletas (v\u00e1rios volumes).\u00a0\u00a0 A&amp; K Rosiery fornece a todos os nossos clientes europeus uma solu\u00e7\u00e3o de entrega r\u00e1pida e efetiva.<\/p>\n<p>&nbsp;<\/p>\n<p>Conhe\u00e7a o nosso Quick Quotes &#8211; Entregas R\u00e1pidas &#8211; e veja com que rapidez sua mercadoria \u00e9 entregue a pre\u00e7os baixos e a certeza\u00a0\u00a0 de que estar\u00e1 contratando o melhor servi\u00e7o com a m\u00e1xima efici\u00eancia e confiabilidade.<\/p>\n<p>&nbsp;<\/p>\n<p>Se n\u00e3o falar ingl\u00eas, n\u00e3o se preocupe, temos dispon\u00edveis as mais modernas ferramentas de tradu\u00e7\u00e3o. Nossa equipe est\u00e1 de plant\u00e3o para processar seu pedido com pre\u00e7os a partir de 7 libras por caixa, para Fran\u00e7a, Alemanha e Espanha.<\/p>\n<p>&nbsp;<\/p>\n<p>Fa\u00e7a a reserva de seu Budget European Express Delivery no<\/p>\n<p><a href=\"http:\/\/www.akhosiery.co.uk\">www.akhosiery.co.uk<\/a><\/p>\n<p>&nbsp;<\/p>\n<p>Favor mandar-nos um email se tiver o n\u00famero do UE IVA para que possamos isentar sua conta do IVA do RU antes que fa\u00e7a seu pedido.<\/p>\n","protected":false},"excerpt":{"rendered":"<p>PORTUGUESE A &amp; K Hosiery oferece a todos os nossos clientes europeus &#8211;\u00a0\u00a0 Alemanha, Fran\u00e7a, It\u00e1lia, Pol\u00f4nia, Su\u00e9cia, Espanha, Portugal Malta e demais regi\u00f5es da Europa, um Servi\u00e7o de Entrega a pre\u00e7os competitivos. Temos uma gama significativa de produtos para o seu neg\u00f3cio a pre\u00e7os que acreditamos serem os mais baixos da Europa. Usamos os [&hellip;]<\/p>\n","protected":false},"author":1,"featured_media":0,"parent":0,"menu_order":0,"comment_status":"closed","ping_status":"open","template":"","meta":[],"yoast_head":"<!-- This site is optimized with the Yoast SEO plugin v15.3 - https:\/\/yoast.com\/wordpress\/plugins\/seo\/ -->\n<meta name=\"description\" content=\"PORTUGUESE A &amp; K Hosiery oferece a todos os nossos clientes europeus -\u00a0\u00a0 Alemanha, Fran\u00e7a, It\u00e1lia, Pol\u00f4nia, Su\u00e9cia, Espanha, Portugal Malta e demais\" \/>\n<meta name=\"robots\" content=\"index, follow, max-snippet:-1, max-image-preview:large, max-video-preview:-1\" \/>\n<link rel=\"canonical\" href=\"https:\/\/akhosiery.co.uk\/blog\/portugal\/\" \/>\n<meta name=\"twitter:label1\" content=\"Written by\">\n\t<meta name=\"twitter:data1\" content=\"admin\">\n\t<meta name=\"twitter:label2\" content=\"Est. reading time\">\n\t<meta name=\"twitter:data2\" content=\"1 minute\">\n<script type=\"application\/ld+json\" class=\"yoast-schema-graph\">{\"@context\":\"https:\/\/schema.org\",\"@graph\":[{\"@type\":\"WebSite\",\"@id\":\"https:\/\/akhosiery.co.uk\/blog\/#website\",\"url\":\"https:\/\/akhosiery.co.uk\/blog\/\",\"name\":\"A&amp;K Hosiery\",\"description\":\"UKs Favourite Wholesaler\",\"potentialAction\":[{\"@type\":\"SearchAction\",\"target\":\"https:\/\/akhosiery.co.uk\/blog\/?s={search_term_string}\",\"query-input\":\"required name=search_term_string\"}],\"inLanguage\":\"en-US\"},{\"@type\":\"WebPage\",\"@id\":\"https:\/\/akhosiery.co.uk\/blog\/portugal\/#webpage\",\"url\":\"https:\/\/akhosiery.co.uk\/blog\/portugal\/\",\"name\":\"Portugal\",\"isPartOf\":{\"@id\":\"https:\/\/akhosiery.co.uk\/blog\/#website\"},\"datePublished\":\"2015-10-05T13:52:17+00:00\",\"dateModified\":\"2015-10-11T11:18:12+00:00\",\"description\":\"PORTUGUESE A &amp; K Hosiery oferece a todos os nossos clientes europeus -\\u00a0\\u00a0 Alemanha, Fran\\u00e7a, It\\u00e1lia, Pol\\u00f4nia, Su\\u00e9cia, Espanha, Portugal Malta e demais\",\"inLanguage\":\"en-US\",\"potentialAction\":[{\"@type\":\"ReadAction\",\"target\":[\"https:\/\/akhosiery.co.uk\/blog\/portugal\/\"]}]}]}<\/script>\n<!-- \/ Yoast SEO plugin. -->","_links":{"self":[{"href":"https:\/\/akhosiery.co.uk\/blog\/wp-json\/wp\/v2\/pages\/1265"}],"collection":[{"href":"https:\/\/akhosiery.co.uk\/blog\/wp-json\/wp\/v2\/pages"}],"about":[{"href":"https:\/\/akhosiery.co.uk\/blog\/wp-json\/wp\/v2\/types\/page"}],"author":[{"embeddable":true,"href":"https:\/\/akhosiery.co.uk\/blog\/wp-json\/wp\/v2\/users\/1"}],"replies":[{"embeddable":true,"href":"https:\/\/akhosiery.co.uk\/blog\/wp-json\/wp\/v2\/comments?post=1265"}],"version-history":[{"count":7,"href":"https:\/\/akhosiery.co.uk\/blog\/wp-json\/wp\/v2\/pages\/1265\/revisions"}],"predecessor-version":[{"id":1283,"href":"https:\/\/akhosiery.co.uk\/blog\/wp-json\/wp\/v2\/pages\/1265\/revisions\/1283"}],"wp:attachment":[{"href":"https:\/\/akhosiery.co.uk\/blog\/wp-json\/wp\/v2\/media?parent=1265"}],"curies":[{"name":"wp","href":"https:\/\/api.w.org\/{rel}","templated":true}]}}